{"id":6922,"date":"2023-11-19T10:39:22","date_gmt":"2023-11-19T10:39:22","guid":{"rendered":"http:\/\/demo.wpzoom.com\/inspiro-lite-blocks-xml\/?page_id=6922"},"modified":"2024-12-15T00:05:59","modified_gmt":"2024-12-15T00:05:59","slug":"homepage","status":"publish","type":"page","link":"https:\/\/ccsoft.ca\/","title":{"rendered":"Homepage"},"content":{"rendered":"\n<div class=\"wp-block-cover alignfull\" style=\"min-height:863px;aspect-ratio:unset;\"><span aria-hidden=\"true\" class=\"wp-block-cover__background has-foreground-background-color has-background-dim-70 has-background-dim\"><\/span><video class=\"wp-block-cover__video-background intrinsic-ignore\" autoplay muted loop playsinline src=\"https:\/\/ccsoft.ca\/wp-content\/uploads\/2024\/11\/cityview.mp4\" data-object-fit=\"cover\"><\/video><div class=\"wp-block-cover__inner-container has-global-padding is-layout-constrained wp-block-cover-is-layout-constrained\">\n<div style=\"height:61px\" aria-hidden=\"true\" class=\"wp-block-spacer\"><\/div>\n\n\n\n<figure class=\"wp-block-image aligncenter size-full is-resized\"><img loading=\"lazy\" decoding=\"async\" width=\"747\" height=\"771\" src=\"https:\/\/ccsoft.ca\/wp-content\/uploads\/2024\/11\/pulse-logo.png\" alt=\"\" class=\"wp-image-6954\" style=\"width:290px;height:auto\" srcset=\"https:\/\/ccsoft.ca\/wp-content\/uploads\/2024\/11\/pulse-logo.png 747w, https:\/\/ccsoft.ca\/wp-content\/uploads\/2024\/11\/pulse-logo-291x300.png 291w\" sizes=\"auto, (max-width: 747px) 100vw, 747px\" \/><\/figure>\n\n\n\n<h1 class=\"wp-block-heading has-text-align-center has-white-color has-text-color has-max-72-font-size\"><strong>Pulse<\/strong><\/h1>\n\n\n\n<hr class=\"wp-block-separator has-text-color has-alpha-channel-opacity has-background is-style-default\" style=\"margin-top:var(--wp--preset--spacing--x-small);margin-bottom:var(--wp--preset--spacing--x-small);background-color:#ffffff47;color:#ffffff47\"\/>\n\n\n\n<p class=\"has-text-align-center has-white-color has-text-color has-large-font-size\">Emergency Response, Reinvented<\/p>\n\n\n\n<p class=\"has-text-align-center\">by Certisoft Consulting inc<\/p>\n<\/div><\/div>\n\n\n\n<div style=\"height:30px\" aria-hidden=\"true\" class=\"wp-block-spacer\"><\/div>\n\n\n\n<div class=\"wp-block-group has-global-padding is-layout-constrained wp-container-core-group-is-layout-3a820303 wp-block-group-is-layout-constrained\" style=\"padding-right:var(--wp--preset--spacing--small);padding-left:var(--wp--preset--spacing--small)\">\n<div style=\"height:36px\" aria-hidden=\"true\" class=\"wp-block-spacer\"><\/div>\n\n\n\n<h3 class=\"wp-block-heading has-text-align-center has-large-font-size\" style=\"letter-spacing:1px\">Empowering Emergency Response with Cutting-Edge Mobile Technology<\/h3>\n\n\n\n<div style=\"height:24px\" aria-hidden=\"true\" class=\"wp-block-spacer\"><\/div>\n\n\n\n<p class=\"has-text-align-center\">At Certisoft Consulting inc, we&#8217;re revolutionizing the way emergency response services work.<\/p>\n\n\n\n<p class=\"has-text-align-center\">By leveraging mobile app technologies and real-time tracking, our platform connects those in need of help with responders in the fastest, most efficient way possible. Using a system inspired by ridesharing platforms like Uber, we ensure that emergency teams reach the scene faster, with precise coordination and up-to-the-minute updates.<\/p>\n<\/div>\n\n\n\n<div class=\"wp-block-group alignfull pattern_multiple_covers has-background has-global-padding is-layout-constrained wp-block-group-is-layout-constrained\" id=\"services\" style=\"background-color:#f8f8f8\">\n<h2 class=\"wp-block-heading has-text-align-left\">Deploy in weeks!<\/h2>\n\n\n\n<p class=\"has-text-align-left\">Our solution brings together real-time location tracking, advanced communication systems, and optimized dispatching\u2014allowing responders to act quickly and accurately during critical moments.<\/p>\n\n\n\n<div style=\"height:46px\" aria-hidden=\"true\" class=\"wp-block-spacer\"><\/div>\n\n\n\n<div class=\"wp-block-columns is-layout-flex wp-container-core-columns-is-layout-28f84493 wp-block-columns-is-layout-flex\">\n<div class=\"wp-block-column is-layout-flow wp-block-column-is-layout-flow\">\n<figure class=\"wp-block-image aligncenter size-full\"><img loading=\"lazy\" decoding=\"async\" width=\"649\" height=\"371\" src=\"https:\/\/ccsoft.ca\/wp-content\/uploads\/2024\/11\/map.png\" alt=\"\" class=\"wp-image-6978\" srcset=\"https:\/\/ccsoft.ca\/wp-content\/uploads\/2024\/11\/map.png 649w, https:\/\/ccsoft.ca\/wp-content\/uploads\/2024\/11\/map-300x171.png 300w\" sizes=\"auto, (max-width: 649px) 100vw, 649px\" \/><\/figure>\n\n\n\n<p class=\"has-text-align-center\"><strong>Constant situation awareness<\/strong><\/p>\n\n\n\n<p class=\"has-text-align-center\">Call dispatchers have a up-to-date view of ongoing calls and available ressources.<\/p>\n\n\n\n<p class=\"has-text-align-center\">They can also consult the notes and actions taken by the first responder in realtime.<\/p>\n<\/div>\n\n\n\n<div class=\"wp-block-column is-layout-flow wp-block-column-is-layout-flow\">\n<figure class=\"wp-block-image aligncenter size-full is-resized\"><img loading=\"lazy\" decoding=\"async\" width=\"178\" height=\"357\" src=\"https:\/\/ccsoft.ca\/wp-content\/uploads\/2024\/11\/caller.png\" alt=\"\" class=\"wp-image-6979\" style=\"width:168px;height:auto\" srcset=\"https:\/\/ccsoft.ca\/wp-content\/uploads\/2024\/11\/caller.png 178w, https:\/\/ccsoft.ca\/wp-content\/uploads\/2024\/11\/caller-150x300.png 150w\" sizes=\"auto, (max-width: 178px) 100vw, 178px\" \/><\/figure>\n\n\n\n<p class=\"has-text-align-center\"><strong>Caller app and profile<\/strong> <\/p>\n\n\n\n<p class=\"has-text-align-center\">The population can pre-download the app and create their profile. When an emergency arises, the person can simply select the emergency service they require, fill in a few details and the call is automatically created with their exact location, identity and profile.<\/p>\n\n\n\n<p class=\"has-text-align-center\">This enables call dispatchers and first responder to be informed ahead of time of any specifics about the caller, be it an allergy or pre-existing health condition.<\/p>\n<\/div>\n\n\n\n<div class=\"wp-block-column is-layout-flow wp-block-column-is-layout-flow\">\n<figure class=\"wp-block-image aligncenter size-full is-resized\"><img loading=\"lazy\" decoding=\"async\" width=\"182\" height=\"370\" src=\"https:\/\/ccsoft.ca\/wp-content\/uploads\/2024\/11\/responder-app.png\" alt=\"\" class=\"wp-image-6980\" style=\"width:168px;height:auto\" srcset=\"https:\/\/ccsoft.ca\/wp-content\/uploads\/2024\/11\/responder-app.png 182w, https:\/\/ccsoft.ca\/wp-content\/uploads\/2024\/11\/responder-app-148x300.png 148w\" sizes=\"auto, (max-width: 182px) 100vw, 182px\" \/><\/figure>\n\n\n\n<p class=\"has-text-align-center\"><strong>First responder app<\/strong><\/p>\n\n\n\n<p class=\"has-text-align-center\">First responder do not require specialized hardware or radios, they can simple use the mobile they already have to have instant access to the information about the incident ticket.<\/p>\n\n\n\n<p class=\"has-text-align-center\">Responder can change their status (available or not), add notes and pictures to an incident ticket and change the status of the ticket.<\/p>\n\n\n\n<p class=\"has-text-align-center\">They can even flag a particular incident as requiring folllow up by an investigator for possible prosecution right from their smartphone.<\/p>\n<\/div>\n<\/div>\n\n\n\n<div style=\"height:73px\" aria-hidden=\"true\" class=\"wp-block-spacer\"><\/div>\n<\/div>\n\n\n\n<div class=\"wp-block-group alignfull pattern_multiple_covers has-background has-global-padding is-layout-constrained wp-block-group-is-layout-constrained\" id=\"services\" style=\"background-color:#f8f8f8\">\n<h2 class=\"wp-block-heading has-text-align-left\">Advantages of our solution<\/h2>\n\n\n\n<p class=\"has-text-align-left\">Our solution brings together real-time location tracking, advanced communication systems, and optimized dispatching\u2014allowing responders to act quickly and accurately during critical moments.<\/p>\n\n\n\n<div style=\"height:46px\" aria-hidden=\"true\" class=\"wp-block-spacer\"><\/div>\n\n\n\n<div class=\"wp-block-columns is-layout-flex wp-container-core-columns-is-layout-28f84493 wp-block-columns-is-layout-flex\">\n<div class=\"wp-block-column is-layout-flow wp-block-column-is-layout-flow\">\n<figure class=\"wp-block-image aligncenter size-full is-resized\"><img loading=\"lazy\" decoding=\"async\" width=\"512\" height=\"512\" src=\"https:\/\/ccsoft.ca\/wp-content\/uploads\/2024\/11\/stopwatch.png\" alt=\"\" class=\"wp-image-6983\" style=\"width:118px;height:auto\" srcset=\"https:\/\/ccsoft.ca\/wp-content\/uploads\/2024\/11\/stopwatch.png 512w, https:\/\/ccsoft.ca\/wp-content\/uploads\/2024\/11\/stopwatch-300x300.png 300w, https:\/\/ccsoft.ca\/wp-content\/uploads\/2024\/11\/stopwatch-150x150.png 150w\" sizes=\"auto, (max-width: 512px) 100vw, 512px\" \/><\/figure>\n\n\n\n<p class=\"has-text-align-center\"><strong>Faster Response Times<\/strong><\/p>\n\n\n\n<p class=\"has-text-align-center\">Leverages real-time tracking and optimized routing to minimize delays and get help to the scene faster than traditional systems<\/p>\n<\/div>\n\n\n\n<div class=\"wp-block-column is-layout-flow wp-block-column-is-layout-flow\">\n<figure class=\"wp-block-image aligncenter size-full is-resized\"><img loading=\"lazy\" decoding=\"async\" width=\"512\" height=\"512\" src=\"https:\/\/ccsoft.ca\/wp-content\/uploads\/2024\/11\/budget.png\" alt=\"\" class=\"wp-image-6984\" style=\"width:118px;height:auto\" srcset=\"https:\/\/ccsoft.ca\/wp-content\/uploads\/2024\/11\/budget.png 512w, https:\/\/ccsoft.ca\/wp-content\/uploads\/2024\/11\/budget-300x300.png 300w, https:\/\/ccsoft.ca\/wp-content\/uploads\/2024\/11\/budget-150x150.png 150w\" sizes=\"auto, (max-width: 512px) 100vw, 512px\" \/><\/figure>\n\n\n\n<p class=\"has-text-align-center\"><strong>Cost-Effective<\/strong><\/p>\n\n\n\n<p class=\"has-text-align-center\">Our system utilizes mobile devices, eliminating the need for costly new hardware, radios, or expensive telephone systems, making it a cost-effective solution for modern emergency response.<\/p>\n<\/div>\n\n\n\n<div class=\"wp-block-column is-layout-flow wp-block-column-is-layout-flow\">\n<figure class=\"wp-block-image aligncenter size-full is-resized\"><img loading=\"lazy\" decoding=\"async\" width=\"512\" height=\"512\" src=\"https:\/\/ccsoft.ca\/wp-content\/uploads\/2024\/11\/arrow.png\" alt=\"\" class=\"wp-image-6985\" style=\"width:115px;height:auto\" srcset=\"https:\/\/ccsoft.ca\/wp-content\/uploads\/2024\/11\/arrow.png 512w, https:\/\/ccsoft.ca\/wp-content\/uploads\/2024\/11\/arrow-300x300.png 300w, https:\/\/ccsoft.ca\/wp-content\/uploads\/2024\/11\/arrow-150x150.png 150w\" sizes=\"auto, (max-width: 512px) 100vw, 512px\" \/><\/figure>\n\n\n\n<p class=\"has-text-align-center\"><strong>Scalable and Flexible<\/strong><\/p>\n\n\n\n<p class=\"has-text-align-center\">Our solution adapts to any emergency scenario, whether it&#8217;s a medical emergency, fire, or security situation, and can scale to fit cities of all sizes. You can even deploy to an entire country!<\/p>\n<\/div>\n<\/div>\n\n\n\n<div style=\"height:73px\" aria-hidden=\"true\" class=\"wp-block-spacer\"><\/div>\n<\/div>\n\n\n\n<div class=\"wp-block-cover alignfull has-parallax is-position-center-center\" style=\"border-radius:0px;min-height:264px;aspect-ratio:unset;\"><span aria-hidden=\"true\" class=\"wp-block-cover__background has-black-background-color has-background-dim-40 has-background-dim\"><\/span><div class=\"wp-block-cover__image-background wp-image-6448 has-parallax\" style=\"background-position:50% 50%;background-image:url(https:\/\/ccsoft.ca\/wp-content\/uploads\/2021\/04\/cropped-StockSnap_M6D1GS9PSL.jpg)\"><\/div><div class=\"wp-block-cover__inner-container is-layout-flow wp-block-cover-is-layout-flow\">\n<div class=\"wp-block-group has-global-padding is-layout-constrained wp-block-group-is-layout-constrained\">\n<p class=\"has-text-align-center has-white-color has-text-color has-large-font-size\">Benefit from our expertise<\/p>\n\n\n\n<div style=\"height:0px\" aria-hidden=\"true\" class=\"wp-block-spacer\"><\/div>\n\n\n\n<div class=\"wp-block-buttons is-horizontal is-content-justification-center is-layout-flex wp-container-core-buttons-is-layout-03627597 wp-block-buttons-is-layout-flex\"><\/div>\n<\/div>\n<\/div><\/div>\n\n\n\n<div class=\"wp-block-group alignfull has-background has-global-padding is-layout-constrained wp-block-group-is-layout-constrained\" style=\"background-color:#f8f8f8\">\n<h2 class=\"wp-block-heading\">Current deployments<\/h2>\n\n\n\n<div class=\"wp-block-columns is-layout-flex wp-container-core-columns-is-layout-28f84493 wp-block-columns-is-layout-flex\">\n<div class=\"wp-block-column is-layout-flow wp-block-column-is-layout-flow\">\n<figure class=\"wp-block-image aligncenter size-full\"><img loading=\"lazy\" decoding=\"async\" width=\"216\" height=\"65\" src=\"https:\/\/ccsoft.ca\/wp-content\/uploads\/2024\/11\/client_2.webp\" alt=\"\" class=\"wp-image-6986\"\/><\/figure>\n<\/div>\n\n\n\n<div class=\"wp-block-column is-layout-flow wp-block-column-is-layout-flow\">\n<figure class=\"wp-block-image aligncenter size-full\"><img loading=\"lazy\" decoding=\"async\" width=\"216\" height=\"65\" src=\"https:\/\/ccsoft.ca\/wp-content\/uploads\/2024\/11\/u-taxi.webp\" alt=\"\" class=\"wp-image-6977\"\/><\/figure>\n<\/div>\n\n\n\n<div class=\"wp-block-column is-layout-flow wp-block-column-is-layout-flow\">\n<figure class=\"wp-block-image aligncenter size-full\"><img loading=\"lazy\" decoding=\"async\" width=\"259\" height=\"81\" src=\"https:\/\/ccsoft.ca\/wp-content\/uploads\/2024\/11\/fasttaxi.png\" alt=\"\" class=\"wp-image-6975\"\/><\/figure>\n<\/div>\n\n\n\n<div class=\"wp-block-column is-layout-flow wp-block-column-is-layout-flow\">\n<figure class=\"wp-block-image aligncenter size-full\"><img loading=\"lazy\" decoding=\"async\" width=\"216\" height=\"65\" src=\"https:\/\/ccsoft.ca\/wp-content\/uploads\/2024\/11\/allocab.webp\" alt=\"\" class=\"wp-image-6987\"\/><\/figure>\n<\/div>\n\n\n\n<div class=\"wp-block-column is-layout-flow wp-block-column-is-layout-flow\">\n<figure class=\"wp-block-image aligncenter size-full\"><img loading=\"lazy\" decoding=\"async\" width=\"216\" height=\"65\" src=\"https:\/\/ccsoft.ca\/wp-content\/uploads\/2024\/11\/imove.webp\" alt=\"\" class=\"wp-image-6988\"\/><\/figure>\n<\/div>\n\n\n\n<div class=\"wp-block-column is-layout-flow wp-block-column-is-layout-flow\">\n<figure class=\"wp-block-image aligncenter size-full is-resized\"><img loading=\"lazy\" decoding=\"async\" width=\"146\" height=\"176\" src=\"https:\/\/ccsoft.ca\/wp-content\/uploads\/2024\/11\/petraride.png\" alt=\"\" class=\"wp-image-6976\" style=\"width:125px;height:auto\"\/><\/figure>\n<\/div>\n<\/div>\n<\/div>\n\n\n\n<div id=\"team\" class=\"wp-block-group has-global-padding is-layout-constrained wp-container-core-group-is-layout-3a820303 wp-block-group-is-layout-constrained\" style=\"padding-right:var(--wp--preset--spacing--small);padding-left:var(--wp--preset--spacing--small)\">\n<div class=\"wp-block-group is-layout-flow wp-block-group-is-layout-flow\">\n<h2 class=\"wp-block-heading\">Our Team<\/h2>\n\n\n\n<div style=\"height:13px\" aria-hidden=\"true\" class=\"wp-block-spacer\"><\/div>\n\n\n\n<div style=\"height:0px\" aria-hidden=\"true\" class=\"wp-block-spacer\"><\/div>\n\n\n\n<div class=\"wp-block-columns is-layout-flex wp-container-core-columns-is-layout-28f84493 wp-block-columns-is-layout-flex\">\n<div class=\"wp-block-column is-style-default is-layout-flow wp-block-column-is-layout-flow\" style=\"border-style:none;border-width:0px;padding-top:0;padding-right:0;padding-bottom:0;padding-left:0\">\n<figure class=\"wp-block-image aligncenter size-full is-resized is-style-default\"><img loading=\"lazy\" decoding=\"async\" width=\"1112\" height=\"1778\" src=\"https:\/\/ccsoft.ca\/wp-content\/uploads\/2024\/11\/Jerome_BW.jpg\" alt=\"\" class=\"wp-image-6936\" style=\"aspect-ratio:0.75;object-fit:cover;width:327px;height:auto\" srcset=\"https:\/\/ccsoft.ca\/wp-content\/uploads\/2024\/11\/Jerome_BW.jpg 1112w, https:\/\/ccsoft.ca\/wp-content\/uploads\/2024\/11\/Jerome_BW-188x300.jpg 188w, https:\/\/ccsoft.ca\/wp-content\/uploads\/2024\/11\/Jerome_BW-640x1024.jpg 640w\" sizes=\"auto, (max-width: 1112px) 100vw, 1112px\" \/><\/figure>\n\n\n\n<h3 class=\"wp-block-heading has-text-align-center\">J\u00e9r\u00f4me T\u00e9treault<\/h3>\n\n\n\n<p class=\"has-text-align-center has-tertiary-color has-text-color has-link-color wp-elements-a226b7a791fad3a28f6c94fed6f15639\">Founder<\/p>\n\n\n\n<p>Jerome has 25 years experience in IT project management in government, finances and the private sector.<\/p>\n\n\n\n<p>He was the lead software architect on the Malaysian Emergency Response System (MERS 999). One of the largest emergency call system in the world with 30 millions people covered.<\/p>\n\n\n\n<p>Jerome is a retired army officer and holds a bachelor degree in computer engineering from the University of Ottawa.<\/p>\n\n\n\n<ul class=\"wp-block-social-links has-icon-color is-style-logos-only is-layout-flex wp-container-core-social-links-is-layout-327fadc6 wp-block-social-links-is-layout-flex\"><li style=\"color:currentColor;\" class=\"wp-social-link wp-social-link-linkedin has-primary-color wp-block-social-link\"><a href=\"https:\/\/www.linkedin.com\/in\/jerome-tetreault\/\" class=\"wp-block-social-link-anchor\"><svg width=\"24\" height=\"24\" viewBox=\"0 0 24 24\" version=\"1.1\" xmlns=\"http:\/\/www.w3.org\/2000\/svg\" aria-hidden=\"true\" focusable=\"false\"><path d=\"M19.7,3H4.3C3.582,3,3,3.582,3,4.3v15.4C3,20.418,3.582,21,4.3,21h15.4c0.718,0,1.3-0.582,1.3-1.3V4.3 C21,3.582,20.418,3,19.7,3z M8.339,18.338H5.667v-8.59h2.672V18.338z M7.004,8.574c-0.857,0-1.549-0.694-1.549-1.548 c0-0.855,0.691-1.548,1.549-1.548c0.854,0,1.547,0.694,1.547,1.548C8.551,7.881,7.858,8.574,7.004,8.574z M18.339,18.338h-2.669 v-4.177c0-0.996-0.017-2.278-1.387-2.278c-1.389,0-1.601,1.086-1.601,2.206v4.249h-2.667v-8.59h2.559v1.174h0.037 c0.356-0.675,1.227-1.387,2.526-1.387c2.703,0,3.203,1.779,3.203,4.092V18.338z\"><\/path><\/svg><span class=\"wp-block-social-link-label screen-reader-text\">LinkedIn<\/span><\/a><\/li><\/ul>\n<\/div>\n\n\n\n<div class=\"wp-block-column is-style-default is-layout-flow wp-block-column-is-layout-flow\" style=\"border-style:none;border-width:0px;padding-top:0;padding-right:0;padding-bottom:0;padding-left:0\">\n<figure class=\"wp-block-image aligncenter size-full is-resized\"><img loading=\"lazy\" decoding=\"async\" width=\"324\" height=\"401\" src=\"https:\/\/ccsoft.ca\/wp-content\/uploads\/2024\/11\/lamine.jpg\" alt=\"\" class=\"wp-image-6939\" style=\"aspect-ratio:0.75;object-fit:cover;width:332px;height:auto\" srcset=\"https:\/\/ccsoft.ca\/wp-content\/uploads\/2024\/11\/lamine.jpg 324w, https:\/\/ccsoft.ca\/wp-content\/uploads\/2024\/11\/lamine-242x300.jpg 242w\" sizes=\"auto, (max-width: 324px) 100vw, 324px\" \/><\/figure>\n\n\n\n<h3 class=\"wp-block-heading has-text-align-center\">Lamine M. Bah<\/h3>\n\n\n\n<p class=\"has-text-align-center has-tertiary-color has-text-color has-link-color wp-elements-46774aeccc14d6dbfd0f6810edc149bf\">Business development director<\/p>\n\n\n\n<p>Lamine is an army officer with 22 years of experience in logistic operations. He holds a degreee in criminology from University of Montreal.<\/p>\n\n\n\n<ul class=\"wp-block-social-links has-icon-color is-style-logos-only is-layout-flex wp-container-core-social-links-is-layout-5f86147d wp-block-social-links-is-layout-flex\"><\/ul>\n<\/div>\n\n\n\n<div class=\"wp-block-column is-layout-flow wp-block-column-is-layout-flow\">\n<figure class=\"wp-block-image size-full\"><img loading=\"lazy\" decoding=\"async\" width=\"719\" height=\"923\" src=\"https:\/\/ccsoft.ca\/wp-content\/uploads\/2024\/12\/jagan_bw.jpg\" alt=\"\" class=\"wp-image-7036\" srcset=\"https:\/\/ccsoft.ca\/wp-content\/uploads\/2024\/12\/jagan_bw.jpg 719w, https:\/\/ccsoft.ca\/wp-content\/uploads\/2024\/12\/jagan_bw-234x300.jpg 234w\" sizes=\"auto, (max-width: 719px) 100vw, 719px\" \/><\/figure>\n\n\n\n<p class=\"has-text-align-center has-medium-font-size\"><strong>Jagan R<\/strong><\/p>\n\n\n\n<p class=\"has-text-align-center has-tertiary-color has-text-color has-link-color wp-elements-c33e16ab7b0ee2a96f4adc69558ae604\">CTO<\/p>\n\n\n\n<p>With over 11 years of experience in the IT industry, Jagan is an expert in software development with the latest technologies. He leads a team of 25 developers, driving innovation and ensuring the delivery of high-quality solutions.<\/p>\n\n\n\n<p>Jagan holds a degree in Information Technology and is dedicated to staying at the forefront of emerging tech trends.<\/p>\n<\/div>\n<\/div>\n<\/div>\n<\/div>\n\n\n\n<div class=\"wp-block-cover alignfull has-parallax is-position-center-center\" style=\"border-radius:0px;min-height:327px;aspect-ratio:unset;\"><span aria-hidden=\"true\" class=\"wp-block-cover__background has-black-background-color has-background-dim-40 has-background-dim\"><\/span><div class=\"wp-block-cover__image-background wp-image-5976 has-parallax\" style=\"background-position:50% 50%;background-image:url(https:\/\/ccsoft.ca\/wp-content\/uploads\/2016\/02\/william-daigneault-1102186-unsplash.jpg)\"><\/div><div class=\"wp-block-cover__inner-container is-layout-flow wp-block-cover-is-layout-flow\">\n<div class=\"wp-block-group has-global-padding is-layout-constrained wp-block-group-is-layout-constrained\">\n<div style=\"height:32px\" aria-hidden=\"true\" class=\"wp-block-spacer\"><\/div>\n\n\n\n<p class=\"has-text-align-center has-white-color has-text-color has-large-font-size\">Join the Future of Emergency Services<\/p>\n\n\n\n<div style=\"height:31px\" aria-hidden=\"true\" class=\"wp-block-spacer\"><\/div>\n\n\n\n<div class=\"wp-block-buttons is-horizontal is-content-justification-center is-layout-flex wp-container-core-buttons-is-layout-03627597 wp-block-buttons-is-layout-flex\">\n<div class=\"wp-block-button is-style-outline is-style-outline--1\" style=\"font-style:normal;font-weight:600\"><a class=\"wp-block-button__link has-white-color has-text-color wp-element-button\" href=\"https:\/\/www.linkedin.com\/in\/jerome-tetreault\/\" style=\"border-radius:0px\">CONTACT US<\/a><\/div>\n<\/div>\n<\/div>\n<\/div><\/div>\n\n\n\n<p><\/p>\n","protected":false},"excerpt":{"rendered":"<p>Empowering Emergency Response with Cutting-Edge Mobile Technology At Certisoft Consulting inc, we&#8217;re revolutionizing the way emergency response services work. By leveraging mobile app technologies and real-time tracking, our platform connects those in need of help with responders in the fastest, most efficient way possible. Using a system inspired by ridesharing platforms like Uber, we ensure &hellip; <\/p>\n<p class=\"link-more\"><a href=\"https:\/\/ccsoft.ca\/\" class=\"more-link\">Read more<span class=\"screen-reader-text\"> &#8220;Homepage&#8221;<\/span><\/a><\/p>\n","protected":false},"author":1,"featured_media":0,"parent":0,"menu_order":0,"comment_status":"closed","ping_status":"closed","template":"page-templates\/homepage-no-hero.php","meta":{"footnotes":""},"class_list":["post-6922","page","type-page","status-publish","hentry"],"featured_media_urls":[],"_links":{"self":[{"href":"https:\/\/ccsoft.ca\/index.php?rest_route=\/wp\/v2\/pages\/6922","targetHints":{"allow":["GET"]}}],"collection":[{"href":"https:\/\/ccsoft.ca\/index.php?rest_route=\/wp\/v2\/pages"}],"about":[{"href":"https:\/\/ccsoft.ca\/index.php?rest_route=\/wp\/v2\/types\/page"}],"author":[{"embeddable":true,"href":"https:\/\/ccsoft.ca\/index.php?rest_route=\/wp\/v2\/users\/1"}],"replies":[{"embeddable":true,"href":"https:\/\/ccsoft.ca\/index.php?rest_route=%2Fwp%2Fv2%2Fcomments&post=6922"}],"version-history":[{"count":4,"href":"https:\/\/ccsoft.ca\/index.php?rest_route=\/wp\/v2\/pages\/6922\/revisions"}],"predecessor-version":[{"id":7043,"href":"https:\/\/ccsoft.ca\/index.php?rest_route=\/wp\/v2\/pages\/6922\/revisions\/7043"}],"wp:attachment":[{"href":"https:\/\/ccsoft.ca\/index.php?rest_route=%2Fwp%2Fv2%2Fmedia&parent=6922"}],"curies":[{"name":"wp","href":"https:\/\/api.w.org\/{rel}","templated":true}]}}